{"id":2108,"date":"2025-02-21T14:42:01","date_gmt":"2025-02-21T14:42:01","guid":{"rendered":"https:\/\/www.myswisskeeper.com\/?page_id=2108"},"modified":"2025-05-27T08:57:16","modified_gmt":"2025-05-27T08:57:16","slug":"events","status":"publish","type":"page","link":"https:\/\/www.myswisskeeper.com\/fr\/events\/","title":{"rendered":"\u00c9v\u00e9nements"},"content":{"rendered":"<div data-elementor-type=\"wp-page\" data-elementor-id=\"2108\" class=\"elementor elementor-2108\" data-elementor-post-type=\"page\">\n\t\t\t\t<div class=\"elementor-element elementor-element-ac9e4c6 e-con-full e-flex e-con e-child\" data-id=\"ac9e4c6\" data-element_type=\"container\" data-settings=\"{&quot;background_background&quot;:&quot;classic&quot;}\">\n\t\t<div class=\"elementor-element elementor-element-577fe72 e-flex e-con-boxed e-con e-child\" data-id=\"577fe72\" data-element_type=\"container\">\n\t\t\t\t\t<div class=\"e-con-inner\">\n\t\t<div class=\"elementor-element elementor-element-f40ef61 e-con-full e-flex e-con e-child\" data-id=\"f40ef61\" data-element_type=\"container\">\n\t\t\t\t<div class=\"elementor-element elementor-element-f629c6a elementor-widget elementor-widget-heading\" data-id=\"f629c6a\" data-element_type=\"widget\" data-widget_type=\"heading.default\">\n\t\t\t\t<div class=\"elementor-widget-container\">\n\t\t\t\t\t<h1 class=\"elementor-heading-title elementor-size-default\">\u00c9v\u00e9nements<\/h1>\t\t\t\t<\/div>\n\t\t\t\t<\/div>\n\t\t\t\t<\/div>\n\t\t\t\t\t<\/div>\n\t\t\t\t<\/div>\n\t\t\t\t<\/div>\n\t\t<div class=\"elementor-element elementor-element-f6e4b1f e-con-full e-flex e-con e-parent\" data-id=\"f6e4b1f\" data-element_type=\"container\">\n\t\t<div class=\"elementor-element elementor-element-c751dbc e-flex e-con-boxed e-con e-child\" data-id=\"c751dbc\" data-element_type=\"container\">\n\t\t\t\t\t<div class=\"e-con-inner\">\n\t\t\t\t<div class=\"elementor-element elementor-element-8fff2f8 elementor-grid-1 elementor-widget__width-initial elementor-grid-tablet-2 elementor-grid-mobile-1 elementor-widget elementor-widget-loop-grid\" data-id=\"8fff2f8\" data-element_type=\"widget\" data-settings=\"{&quot;template_id&quot;:&quot;2126&quot;,&quot;columns&quot;:1,&quot;row_gap&quot;:{&quot;unit&quot;:&quot;rem&quot;,&quot;size&quot;:3,&quot;sizes&quot;:[]},&quot;row_gap_laptop&quot;:{&quot;unit&quot;:&quot;rem&quot;,&quot;size&quot;:&quot;&quot;,&quot;sizes&quot;:[]},&quot;row_gap_tablet&quot;:{&quot;unit&quot;:&quot;rem&quot;,&quot;size&quot;:&quot;&quot;,&quot;sizes&quot;:[]},&quot;row_gap_mobile&quot;:{&quot;unit&quot;:&quot;rem&quot;,&quot;size&quot;:&quot;&quot;,&quot;sizes&quot;:[]},&quot;_skin&quot;:&quot;post&quot;,&quot;columns_tablet&quot;:&quot;2&quot;,&quot;columns_mobile&quot;:&quot;1&quot;,&quot;edit_handle_selector&quot;:&quot;[data-elementor-type=\\&quot;loop-item\\&quot;]&quot;}\" data-widget_type=\"loop-grid.post\">\n\t\t\t\t<div class=\"elementor-widget-container\">\n\t\t\t\t\t\t\t<div class=\"elementor-loop-container elementor-grid\" role=\"list\">\n\t\t<style id=\"loop-2126\">.elementor-2126 .elementor-element.elementor-element-16d00fb{--display:flex;--flex-direction:row;--container-widget-width:initial;--container-widget-height:100%;--container-widget-flex-grow:1;--container-widget-align-self:stretch;--flex-wrap-mobile:wrap;--gap:1rem 1rem;--row-gap:1rem;--column-gap:1rem;--flex-wrap:nowrap;--padding-top:0px;--padding-bottom:0px;--padding-left:0px;--padding-right:0px;}.elementor-2126 .elementor-element.elementor-element-ae5ec14{--display:flex;--flex-direction:column;--container-widget-width:100%;--container-widget-height:initial;--container-widget-flex-grow:0;--container-widget-align-self:initial;--flex-wrap-mobile:wrap;--gap:0px 0px;--row-gap:0px;--column-gap:0px;--padding-top:0px;--padding-bottom:0px;--padding-left:0px;--padding-right:0px;}.elementor-2126 .elementor-element.elementor-element-c1a270f > .elementor-widget-container{padding:0px 0px 9px 0px;}.elementor-2126 .elementor-element.elementor-element-c1a270f .elementor-icon-list-icon{width:14px;}.elementor-2126 .elementor-element.elementor-element-c1a270f .elementor-icon-list-icon i{font-size:14px;}.elementor-2126 .elementor-element.elementor-element-c1a270f .elementor-icon-list-icon svg{--e-icon-list-icon-size:14px;}.elementor-2126 .elementor-element.elementor-element-c1a270f .elementor-icon-list-item{font-family:var( --e-global-typography-75442e3-font-family ), Sans-serif;font-size:var( --e-global-typography-75442e3-font-size );font-weight:var( --e-global-typography-75442e3-font-weight );text-transform:var( --e-global-typography-75442e3-text-transform );letter-spacing:var( --e-global-typography-75442e3-letter-spacing );}.elementor-2126 .elementor-element.elementor-element-c85679b .elementor-heading-title{font-family:var( --e-global-typography-e6ceafc-font-family ), Sans-serif;font-size:var( --e-global-typography-e6ceafc-font-size );font-weight:var( --e-global-typography-e6ceafc-font-weight );}@media(max-width:1280px){.elementor-2126 .elementor-element.elementor-element-c1a270f .elementor-icon-list-item{font-size:var( --e-global-typography-75442e3-font-size );letter-spacing:var( --e-global-typography-75442e3-letter-spacing );}.elementor-2126 .elementor-element.elementor-element-c85679b .elementor-heading-title{font-size:var( --e-global-typography-e6ceafc-font-size );}}@media(max-width:1024px){.elementor-2126 .elementor-element.elementor-element-16d00fb{--flex-direction:column;--container-widget-width:100%;--container-widget-height:initial;--container-widget-flex-grow:0;--container-widget-align-self:initial;--flex-wrap-mobile:wrap;}.elementor-2126 .elementor-element.elementor-element-c1a270f .elementor-icon-list-item{font-size:var( --e-global-typography-75442e3-font-size );letter-spacing:var( --e-global-typography-75442e3-letter-spacing );}.elementor-2126 .elementor-element.elementor-element-c85679b .elementor-heading-title{font-size:var( --e-global-typography-e6ceafc-font-size );}.elementor-2126 .elementor-element.elementor-element-67e0b9c.elementor-element{--order:-99999 \/* order start hack *\/;}}@media(max-width:540px){.elementor-2126 .elementor-element.elementor-element-c1a270f .elementor-icon-list-item{font-size:var( --e-global-typography-75442e3-font-size );letter-spacing:var( --e-global-typography-75442e3-letter-spacing );}.elementor-2126 .elementor-element.elementor-element-c85679b .elementor-heading-title{font-size:var( --e-global-typography-e6ceafc-font-size );}}<\/style>\t\t<div data-elementor-type=\"loop-item\" data-elementor-id=\"2126\" class=\"elementor elementor-2126 e-loop-item e-loop-item-3454 post-3454 post type-post status-publish format-standard has-post-thumbnail hentry category-events\" data-elementor-post-type=\"elementor_library\" data-custom-edit-handle=\"1\">\n\t\t\t<div class=\"elementor-element elementor-element-16d00fb e-con-full e-flex e-con e-parent\" data-id=\"16d00fb\" data-element_type=\"container\">\n\t\t<div class=\"elementor-element elementor-element-ae5ec14 e-flex e-con-boxed e-con e-child\" data-id=\"ae5ec14\" data-element_type=\"container\">\n\t\t\t\t\t<div class=\"e-con-inner\">\n\t\t\t\t<div class=\"elementor-element elementor-element-c1a270f elementor-widget elementor-widget-post-info\" data-id=\"c1a270f\" data-element_type=\"widget\" data-widget_type=\"post-info.default\">\n\t\t\t\t<div class=\"elementor-widget-container\">\n\t\t\t\t\t\t\t<ul class=\"elementor-inline-items elementor-icon-list-items elementor-post-info\">\n\t\t\t\t\t\t\t\t<li class=\"elementor-icon-list-item elementor-repeater-item-486b2f1 elementor-inline-item\" itemprop=\"datePublished\">\n\t\t\t\t\t\t\t\t\t\t\t\t\t<span class=\"elementor-icon-list-text elementor-post-info__item elementor-post-info__item--type-date\">\n\t\t\t\t\t\t\t\t\t\t<time>octobre 30, 2025<\/time>\t\t\t\t\t<\/span>\n\t\t\t\t\t\t\t\t<\/li>\n\t\t\t\t<\/ul>\n\t\t\t\t\t\t<\/div>\n\t\t\t\t<\/div>\n\t\t\t\t<div class=\"elementor-element elementor-element-c85679b elementor-widget elementor-widget-theme-post-title elementor-page-title elementor-widget-heading\" data-id=\"c85679b\" data-element_type=\"widget\" data-widget_type=\"theme-post-title.default\">\n\t\t\t\t<div class=\"elementor-widget-container\">\n\t\t\t\t\t<h2 class=\"elementor-heading-title elementor-size-default\"><a href=\"https:\/\/www.myswisskeeper.com\/fr\/web-summit-lisbon-2025\/\">Web Summit Lisbon 2025<\/a><\/h2>\t\t\t\t<\/div>\n\t\t\t\t<\/div>\n\t\t\t\t\t<\/div>\n\t\t\t\t<\/div>\n\t\t\t\t<div class=\"elementor-element elementor-element-67e0b9c elementor-widget elementor-widget-theme-post-featured-image elementor-widget-image\" data-id=\"67e0b9c\" data-element_type=\"widget\" data-widget_type=\"theme-post-featured-image.default\">\n\t\t\t\t<div class=\"elementor-widget-container\">\n\t\t\t\t\t\t\t\t\t\t\t\t\t\t\t<img fetchpriority=\"high\" decoding=\"async\" width=\"768\" height=\"489\" src=\"https:\/\/www.myswisskeeper.com\/wp-content\/uploads\/2025\/10\/53330294569_da00d29b6c_k-768x489-1.webp\" class=\"attachment-large size-large wp-image-3456\" alt=\"\" srcset=\"https:\/\/www.myswisskeeper.com\/wp-content\/uploads\/2025\/10\/53330294569_da00d29b6c_k-768x489-1.webp 768w, https:\/\/www.myswisskeeper.com\/wp-content\/uploads\/2025\/10\/53330294569_da00d29b6c_k-768x489-1-300x191.webp 300w, https:\/\/www.myswisskeeper.com\/wp-content\/uploads\/2025\/10\/53330294569_da00d29b6c_k-768x489-1-18x12.webp 18w\" sizes=\"(max-width: 768px) 100vw, 768px\" \/>\t\t\t\t\t\t\t\t\t\t\t\t\t\t\t<\/div>\n\t\t\t\t<\/div>\n\t\t\t\t<\/div>\n\t\t\t\t<\/div>\n\t\t\t\t<div data-elementor-type=\"loop-item\" data-elementor-id=\"2126\" class=\"elementor elementor-2126 e-loop-item e-loop-item-2258 post-2258 post type-post status-publish format-standard has-post-thumbnail hentry category-events\" data-elementor-post-type=\"elementor_library\" data-custom-edit-handle=\"1\">\n\t\t\t<div class=\"elementor-element elementor-element-16d00fb e-con-full e-flex e-con e-parent\" data-id=\"16d00fb\" data-element_type=\"container\">\n\t\t<div class=\"elementor-element elementor-element-ae5ec14 e-flex e-con-boxed e-con e-child\" data-id=\"ae5ec14\" data-element_type=\"container\">\n\t\t\t\t\t<div class=\"e-con-inner\">\n\t\t\t\t<div class=\"elementor-element elementor-element-c1a270f elementor-widget elementor-widget-post-info\" data-id=\"c1a270f\" data-element_type=\"widget\" data-widget_type=\"post-info.default\">\n\t\t\t\t<div class=\"elementor-widget-container\">\n\t\t\t\t\t\t\t<ul class=\"elementor-inline-items elementor-icon-list-items elementor-post-info\">\n\t\t\t\t\t\t\t\t<li class=\"elementor-icon-list-item elementor-repeater-item-486b2f1 elementor-inline-item\" itemprop=\"datePublished\">\n\t\t\t\t\t\t\t\t\t\t\t\t\t<span class=\"elementor-icon-list-text elementor-post-info__item elementor-post-info__item--type-date\">\n\t\t\t\t\t\t\t\t\t\t<time>f\u00e9vrier 24, 2025<\/time>\t\t\t\t\t<\/span>\n\t\t\t\t\t\t\t\t<\/li>\n\t\t\t\t<\/ul>\n\t\t\t\t\t\t<\/div>\n\t\t\t\t<\/div>\n\t\t\t\t<div class=\"elementor-element elementor-element-c85679b elementor-widget elementor-widget-theme-post-title elementor-page-title elementor-widget-heading\" data-id=\"c85679b\" data-element_type=\"widget\" data-widget_type=\"theme-post-title.default\">\n\t\t\t\t<div class=\"elementor-widget-container\">\n\t\t\t\t\t<h2 class=\"elementor-heading-title elementor-size-default\"><a href=\"https:\/\/www.myswisskeeper.com\/fr\/geneva-international-legal-week-2025\/\">Semaine Internationale du Droit de Gen\u00e8ve 2025<\/a><\/h2>\t\t\t\t<\/div>\n\t\t\t\t<\/div>\n\t\t\t\t\t<\/div>\n\t\t\t\t<\/div>\n\t\t\t\t<div class=\"elementor-element elementor-element-67e0b9c elementor-widget elementor-widget-theme-post-featured-image elementor-widget-image\" data-id=\"67e0b9c\" data-element_type=\"widget\" data-widget_type=\"theme-post-featured-image.default\">\n\t\t\t\t<div class=\"elementor-widget-container\">\n\t\t\t\t\t\t\t\t\t\t\t\t\t\t\t<img decoding=\"async\" width=\"800\" height=\"449\" src=\"https:\/\/www.myswisskeeper.com\/wp-content\/uploads\/2025\/02\/gilaw25-cover-1024x575.webp\" class=\"attachment-large size-large wp-image-2266\" alt=\"\" srcset=\"https:\/\/www.myswisskeeper.com\/wp-content\/uploads\/2025\/02\/gilaw25-cover-1024x575.webp 1024w, https:\/\/www.myswisskeeper.com\/wp-content\/uploads\/2025\/02\/gilaw25-cover-300x169.webp 300w, https:\/\/www.myswisskeeper.com\/wp-content\/uploads\/2025\/02\/gilaw25-cover-768x431.webp 768w, https:\/\/www.myswisskeeper.com\/wp-content\/uploads\/2025\/02\/gilaw25-cover-18x10.webp 18w, https:\/\/www.myswisskeeper.com\/wp-content\/uploads\/2025\/02\/gilaw25-cover.webp 1280w\" sizes=\"(max-width: 800px) 100vw, 800px\" \/>\t\t\t\t\t\t\t\t\t\t\t\t\t\t\t<\/div>\n\t\t\t\t<\/div>\n\t\t\t\t<\/div>\n\t\t\t\t<\/div>\n\t\t\t\t<div data-elementor-type=\"loop-item\" data-elementor-id=\"2126\" class=\"elementor elementor-2126 e-loop-item e-loop-item-2102 post-2102 post type-post status-publish format-standard has-post-thumbnail hentry category-events\" data-elementor-post-type=\"elementor_library\" data-custom-edit-handle=\"1\">\n\t\t\t<div class=\"elementor-element elementor-element-16d00fb e-con-full e-flex e-con e-parent\" data-id=\"16d00fb\" data-element_type=\"container\">\n\t\t<div class=\"elementor-element elementor-element-ae5ec14 e-flex e-con-boxed e-con e-child\" data-id=\"ae5ec14\" data-element_type=\"container\">\n\t\t\t\t\t<div class=\"e-con-inner\">\n\t\t\t\t<div class=\"elementor-element elementor-element-c1a270f elementor-widget elementor-widget-post-info\" data-id=\"c1a270f\" data-element_type=\"widget\" data-widget_type=\"post-info.default\">\n\t\t\t\t<div class=\"elementor-widget-container\">\n\t\t\t\t\t\t\t<ul class=\"elementor-inline-items elementor-icon-list-items elementor-post-info\">\n\t\t\t\t\t\t\t\t<li class=\"elementor-icon-list-item elementor-repeater-item-486b2f1 elementor-inline-item\" itemprop=\"datePublished\">\n\t\t\t\t\t\t\t\t\t\t\t\t\t<span class=\"elementor-icon-list-text elementor-post-info__item elementor-post-info__item--type-date\">\n\t\t\t\t\t\t\t\t\t\t<time>septembre 26, 2024<\/time>\t\t\t\t\t<\/span>\n\t\t\t\t\t\t\t\t<\/li>\n\t\t\t\t<\/ul>\n\t\t\t\t\t\t<\/div>\n\t\t\t\t<\/div>\n\t\t\t\t<div class=\"elementor-element elementor-element-c85679b elementor-widget elementor-widget-theme-post-title elementor-page-title elementor-widget-heading\" data-id=\"c85679b\" data-element_type=\"widget\" data-widget_type=\"theme-post-title.default\">\n\t\t\t\t<div class=\"elementor-widget-container\">\n\t\t\t\t\t<h2 class=\"elementor-heading-title elementor-size-default\"><a href=\"https:\/\/www.myswisskeeper.com\/fr\/webinar-leveraging-blockchain-and-ai-for-secure-data-management-opportunities-and-challenges-for-legal-and-financial-professionals\/\">Webinaire : Exploiter la Blockchain et l'IA pour la Gestion S\u00e9curis\u00e9e des Donn\u00e9es : Opportunit\u00e9s et D\u00e9fis pour les Professionnels Juridiques et Financiers<\/a><\/h2>\t\t\t\t<\/div>\n\t\t\t\t<\/div>\n\t\t\t\t\t<\/div>\n\t\t\t\t<\/div>\n\t\t\t\t<div class=\"elementor-element elementor-element-67e0b9c elementor-widget elementor-widget-theme-post-featured-image elementor-widget-image\" data-id=\"67e0b9c\" data-element_type=\"widget\" data-widget_type=\"theme-post-featured-image.default\">\n\t\t\t\t<div class=\"elementor-widget-container\">\n\t\t\t\t\t\t\t\t\t\t\t\t\t\t\t<img decoding=\"async\" width=\"800\" height=\"324\" src=\"https:\/\/www.myswisskeeper.com\/wp-content\/uploads\/2025\/02\/Webinar-banner_3-e1740148717950-1024x415.webp\" class=\"attachment-large size-large wp-image-2106\" alt=\"\" srcset=\"https:\/\/www.myswisskeeper.com\/wp-content\/uploads\/2025\/02\/Webinar-banner_3-e1740148717950-1024x415.webp 1024w, https:\/\/www.myswisskeeper.com\/wp-content\/uploads\/2025\/02\/Webinar-banner_3-e1740148717950-300x121.webp 300w, https:\/\/www.myswisskeeper.com\/wp-content\/uploads\/2025\/02\/Webinar-banner_3-e1740148717950-768x311.webp 768w, https:\/\/www.myswisskeeper.com\/wp-content\/uploads\/2025\/02\/Webinar-banner_3-e1740148717950-1536x622.webp 1536w, https:\/\/www.myswisskeeper.com\/wp-content\/uploads\/2025\/02\/Webinar-banner_3-e1740148717950-18x7.webp 18w\" sizes=\"(max-width: 800px) 100vw, 800px\" \/>\t\t\t\t\t\t\t\t\t\t\t\t\t\t\t<\/div>\n\t\t\t\t<\/div>\n\t\t\t\t<\/div>\n\t\t\t\t<\/div>\n\t\t\t\t<div data-elementor-type=\"loop-item\" data-elementor-id=\"2126\" class=\"elementor elementor-2126 e-loop-item e-loop-item-2089 post-2089 post type-post status-publish format-standard has-post-thumbnail hentry category-events\" data-elementor-post-type=\"elementor_library\" data-custom-edit-handle=\"1\">\n\t\t\t<div class=\"elementor-element elementor-element-16d00fb e-con-full e-flex e-con e-parent\" data-id=\"16d00fb\" data-element_type=\"container\">\n\t\t<div class=\"elementor-element elementor-element-ae5ec14 e-flex e-con-boxed e-con e-child\" data-id=\"ae5ec14\" data-element_type=\"container\">\n\t\t\t\t\t<div class=\"e-con-inner\">\n\t\t\t\t<div class=\"elementor-element elementor-element-c1a270f elementor-widget elementor-widget-post-info\" data-id=\"c1a270f\" data-element_type=\"widget\" data-widget_type=\"post-info.default\">\n\t\t\t\t<div class=\"elementor-widget-container\">\n\t\t\t\t\t\t\t<ul class=\"elementor-inline-items elementor-icon-list-items elementor-post-info\">\n\t\t\t\t\t\t\t\t<li class=\"elementor-icon-list-item elementor-repeater-item-486b2f1 elementor-inline-item\" itemprop=\"datePublished\">\n\t\t\t\t\t\t\t\t\t\t\t\t\t<span class=\"elementor-icon-list-text elementor-post-info__item elementor-post-info__item--type-date\">\n\t\t\t\t\t\t\t\t\t\t<time>septembre 19, 2024<\/time>\t\t\t\t\t<\/span>\n\t\t\t\t\t\t\t\t<\/li>\n\t\t\t\t<\/ul>\n\t\t\t\t\t\t<\/div>\n\t\t\t\t<\/div>\n\t\t\t\t<div class=\"elementor-element elementor-element-c85679b elementor-widget elementor-widget-theme-post-title elementor-page-title elementor-widget-heading\" data-id=\"c85679b\" data-element_type=\"widget\" data-widget_type=\"theme-post-title.default\">\n\t\t\t\t<div class=\"elementor-widget-container\">\n\t\t\t\t\t<h2 class=\"elementor-heading-title elementor-size-default\"><a href=\"https:\/\/www.myswisskeeper.com\/fr\/podcast-excerpt-embracing-next-gen-digital-succession-planning\/\">Podcast (Extrait) : Adopter la Planification de Succession Num\u00e9rique de Nouvelle G\u00e9n\u00e9ration<\/a><\/h2>\t\t\t\t<\/div>\n\t\t\t\t<\/div>\n\t\t\t\t\t<\/div>\n\t\t\t\t<\/div>\n\t\t\t\t<div class=\"elementor-element elementor-element-67e0b9c elementor-widget elementor-widget-theme-post-featured-image elementor-widget-image\" data-id=\"67e0b9c\" data-element_type=\"widget\" data-widget_type=\"theme-post-featured-image.default\">\n\t\t\t\t<div class=\"elementor-widget-container\">\n\t\t\t\t\t\t\t\t\t\t\t\t\t\t\t<img loading=\"lazy\" decoding=\"async\" width=\"800\" height=\"273\" src=\"https:\/\/www.myswisskeeper.com\/wp-content\/uploads\/2024\/09\/thumbnail_image001-e1727182798874-1024x349.webp\" class=\"attachment-large size-large wp-image-2149\" alt=\"\" srcset=\"https:\/\/www.myswisskeeper.com\/wp-content\/uploads\/2024\/09\/thumbnail_image001-e1727182798874-1024x349.webp 1024w, https:\/\/www.myswisskeeper.com\/wp-content\/uploads\/2024\/09\/thumbnail_image001-e1727182798874-300x102.webp 300w, https:\/\/www.myswisskeeper.com\/wp-content\/uploads\/2024\/09\/thumbnail_image001-e1727182798874-768x262.webp 768w, https:\/\/www.myswisskeeper.com\/wp-content\/uploads\/2024\/09\/thumbnail_image001-e1727182798874-18x6.webp 18w, https:\/\/www.myswisskeeper.com\/wp-content\/uploads\/2024\/09\/thumbnail_image001-e1727182798874.webp 1283w\" sizes=\"(max-width: 800px) 100vw, 800px\" \/>\t\t\t\t\t\t\t\t\t\t\t\t\t\t\t<\/div>\n\t\t\t\t<\/div>\n\t\t\t\t<\/div>\n\t\t\t\t<\/div>\n\t\t\t\t<\/div>\n\t\t\n\t\t\t\t\t\t<\/div>\n\t\t\t\t<\/div>\n\t\t\t\t\t<\/div>\n\t\t\t\t<\/div>\n\t\t\t\t<\/div>\n\t\t\t\t<\/div>","protected":false},"excerpt":{"rendered":"<p>\u00c9v\u00e9nements<\/p>","protected":false},"author":2,"featured_media":0,"parent":0,"menu_order":0,"comment_status":"closed","ping_status":"closed","template":"","meta":{"footnotes":""},"class_list":["post-2108","page","type-page","status-publish","hentry"],"_links":{"self":[{"href":"https:\/\/www.myswisskeeper.com\/fr\/wp-json\/wp\/v2\/pages\/2108","targetHints":{"allow":["GET"]}}],"collection":[{"href":"https:\/\/www.myswisskeeper.com\/fr\/wp-json\/wp\/v2\/pages"}],"about":[{"href":"https:\/\/www.myswisskeeper.com\/fr\/wp-json\/wp\/v2\/types\/page"}],"author":[{"embeddable":true,"href":"https:\/\/www.myswisskeeper.com\/fr\/wp-json\/wp\/v2\/users\/2"}],"replies":[{"embeddable":true,"href":"https:\/\/www.myswisskeeper.com\/fr\/wp-json\/wp\/v2\/comments?post=2108"}],"version-history":[{"count":10,"href":"https:\/\/www.myswisskeeper.com\/fr\/wp-json\/wp\/v2\/pages\/2108\/revisions"}],"predecessor-version":[{"id":2700,"href":"https:\/\/www.myswisskeeper.com\/fr\/wp-json\/wp\/v2\/pages\/2108\/revisions\/2700"}],"wp:attachment":[{"href":"https:\/\/www.myswisskeeper.com\/fr\/wp-json\/wp\/v2\/media?parent=2108"}],"curies":[{"name":"wp","href":"https:\/\/api.w.org\/{rel}","templated":true}]}}